{"id":616,"date":"2026-01-27T08:30:13","date_gmt":"2026-01-27T08:30:13","guid":{"rendered":"https:\/\/whitesmoke-bison-115211.hostingersite.com\/?page_id=616"},"modified":"2026-01-27T08:30:15","modified_gmt":"2026-01-27T08:30:15","slug":"politica-de-privacidad","status":"publish","type":"page","link":"https:\/\/www.jumel.com\/en\/politica-de-privacidad\/","title":{"rendered":"Pol\u00edtica de privacidad"},"content":{"rendered":"<p><em>A efecto de lo previsto en el Reglamento General de Protecci\u00f3n de Datos de la Uni\u00f3n Europea 2016\/679 de 27 de abril de 2016 y la Ley Org\u00e1nica 3\/2018, de 5 de diciembre, de Protecci\u00f3n de Datos de Car\u00e1cter Personal&nbsp;<\/em><strong><em>JUMEL ALIMENTARIA SA&nbsp;<\/em><\/strong><em>con CIF&nbsp;<\/em><strong><em>A46124772, en adelante JUMEL&nbsp;<\/em><\/strong><em>informa al Usuario de la existencia del tratamiento de los datos de car\u00e1cter personal con la finalidad de realizar la gesti\u00f3n de la relaci\u00f3n con los usuarios, clientes y potenciales para exposici\u00f3n, informaci\u00f3n y venta de confituras, mermeladas, salsas y aderezos, miel, crema de cacao, sirope y otros productos relacionados y a medida y noticias.<\/em><\/p>\n\n\n\n<p><strong><em>ENVIO Y REGISTRO DE DATOS DE CAR\u00c1CTER PERSONAL<\/em><\/strong><\/p>\n\n\n\n<p><em>El env\u00edo de datos de car\u00e1cter personal es obligatorio para contactar y recibir informaci\u00f3n sobre los productos y servicios de JUMEL,&nbsp;<u>debiendo suscribirse expresamente en nuestra newsletter si quiere que le mantengamos informado peri\u00f3dicamente de todos los productos y novedades<\/u>.<\/em><\/p>\n\n\n\n<p><em>El no facilitar los datos personales solicitados o el no aceptar la presente pol\u00edtica de protecci\u00f3n de datos supone la imposibilidad de suscribirse, registrarse o recibir informaci\u00f3n de los productos y servicios de JUMEL.<\/em><\/p>\n\n\n\n<p><em>De acuerdo a lo establecido en el&nbsp;Reglamento&nbsp; General&nbsp; de Protecci\u00f3n de Datos de la Uni\u00f3n Europea 2016\/679 de 27 de abril de 2016 relativo a la protecci\u00f3n de las personas f\u00edsicas en lo que respecta al tratamiento de datos personales y a la libre circulaci\u00f3n de estos datos, y&nbsp;la Ley Org\u00e1nica 3\/2018, de 5 de diciembre, de Protecci\u00f3n de Datos de Car\u00e1cter Personal,&nbsp;le informamos que los datos personales que se obtengan como consecuencia de su env\u00edo de datos personales, ser\u00e1n objeto de tratamiento por&nbsp;<\/em><strong><em>JUMEL ALIMENTARIA SA<\/em><\/strong><em>&nbsp;con domicilio en<\/em><strong><em>&nbsp;Calle Sotaya, 2 de L\u2019Alqueria Comtessa 46715 (Valencia),<\/em><\/strong><em>&nbsp;teniendo implementadas las medidas de seguridad necesarias para garantizar la privacidad.<\/em><\/p>\n\n\n\n<p><strong><em>EXACTITUD Y VERACIDAD DE LOS DATOS FACILITADOS<\/em><\/strong><\/p>\n\n\n\n<p><em>El Usuario que env\u00eda la informaci\u00f3n a JUMEL es el \u00fanico responsable de la veracidad y correcci\u00f3n de los datos incluidos, exoner\u00e1ndose JUMEL de cualquier responsabilidad al respecto.<\/em><\/p>\n\n\n\n<p><em>Los usuarios garantizan y responden, en cualquier caso, de la exactitud, vigencia y autenticidad de los datos personales facilitados, y se comprometen a mantenerlos debidamente actualizados.<\/em><\/p>\n\n\n\n<p><em>El usuario acepta proporcionar informaci\u00f3n completa y correcta en el formulario de registro o suscripci\u00f3n.<\/em><\/p>\n\n\n\n<p><em>JUMEL no responde de la veracidad de las informaciones que no sean de elaboraci\u00f3n propia y de las que se indique otra fuente, por lo que tampoco asume responsabilidad alguna en cuanto a hipot\u00e9ticos perjuicios que pudieran originarse por el uso de dicha informaci\u00f3n.<\/em><\/p>\n\n\n\n<p><em>Se exonera a JUMEL de responsabilidad ante cualquier da\u00f1o o perjuicio que pudiera sufrir el Usuario como consecuencia de errores, defectos u omisiones, en la informaci\u00f3n facilitada por JUMEL siempre que proceda de fuentes ajenas a JUMEL.<\/em><\/p>\n\n\n\n<p><strong><em>FINALIDADES<\/em><\/strong><br><em>Las finalidades de la recogida de datos son&nbsp;la prestaci\u00f3n de informaci\u00f3n y venta de confituras, mermeladas, salsas y aderezos, miel, crema de cacao, sirope y otros productos relacionados y a medida;&nbsp;y posterior puesta en contacto con la persona usuaria de JUMEL. &nbsp;<\/em><\/p>\n\n\n\n<p><strong><em>COMUNICACION DE DATOS A TERCEROS<\/em><\/strong><\/p>\n\n\n\n<p><em>JUMEL no comunicar\u00e1 los datos de los usuarios a terceros. No obstante, en el caso de ser cedidos a alguna empresa se producir\u00eda una informaci\u00f3n previa a la recogida solicitando el consentimiento expreso del afectado.<\/em><\/p>\n\n\n\n<p><strong><em>EJERCICIO DE DERECHOS DE ACCESO, RECTIFICACION, SUPRESION Y OPOSICION, LIMITACION DEL TRATAMIENTO, PORTABILIDAD DE DATOS (art. 15, 16, 17, 18, 19, 20, 21, 22 Y 23 RGPD, ART. 12, 13, 14, 15, 16, 17, 18, 93, 94 Y 95 LOPDGDD)<\/em><\/strong><\/p>\n\n\n\n<p><em>Podr\u00e1 dirigir sus comunicaciones, revocar el consentimiento prestado y ejercitar el derecho de acceso a sus datos personales obteniendo copia de los mismos. El derecho de rectificaci\u00f3n de datos inexactos o incompletos. El derecho de supresi\u00f3n de sus datos personales. El derecho de retirada de sus datos personales de su p\u00e1gina web. El derecho de oposici\u00f3n al tratamiento de sus datos personales. El derecho de limitaci\u00f3n del tratamiento de sus datos personales. Y el derecho a la portabilidad de sus datos personales automatizados por correo: dirigido a JUMEL ALIMENTARIA SA, Calle Sotaya, 2 de L\u2019Alqueria Comtessa 46715 (Valencia). Para ejercer dichos derechos y en cumplimiento de la Instrucci\u00f3n 1\/1998, de 19 de enero, de la Agencia Espa\u00f1ola de Protecci\u00f3n de Datos, es necesario que usted acredite su personalidad frente a JUMEL mediante el env\u00edo de fotocopia de Documento Nacional de Identidad o cualquier otro medio v\u00e1lido en Derecho.<\/em><\/p>\n\n\n\n<p><em>Los interesados tienen derecho a reclamar ante la autoridad de control<\/em><\/p>\n\n\n\n<p><strong><em>PLAZO DE CONSERVACI\u00d3N DE LOS DATOS<\/em><\/strong><\/p>\n\n\n\n<p><em>Los datos personales de la persona usuaria ser\u00e1n tratados de forma activa mientras ostente la condici\u00f3n de Usuario de www.jumel.com; es decir, mientras no revoque su consentimiento o no ejerza su derecho de cancelaci\u00f3n, supresi\u00f3n u oposici\u00f3n a alguna finalidad en concreto.<\/em><\/p>\n\n\n\n<p><em>En caso de revocar su consentimiento o ejercer los derechos de cancelaci\u00f3n o supresi\u00f3n, sus datos ser\u00e1n bloqueados y conservados de forma restringida a disposici\u00f3n de las autoridades competentes durante un plazo de 3 a\u00f1os para atender a las posibles responsabilidades nacidas del tratamiento.<\/em><\/p>\n\n\n\n<p><em>&nbsp;<\/em><strong><em>LEGITIMACI\u00d3N PARA EL TRATAMIENTO DE LOS DATOS<\/em><\/strong><\/p>\n\n\n\n<p><em>El registro en www.jumel.com es libre y voluntario para el Usuario, por lo que la base legitimadora del tratamiento de sus datos personales es su consentimiento.<\/em><\/p>\n\n\n\n<p><strong><em>ACEPTACION Y CONSENTIMIENTO<\/em><\/strong><\/p>\n\n\n\n<p><em>El uso de la web le otorga la condici\u00f3n de usuario del mismo (en adelante, el \u201cUsuario\u201d), e implica la aceptaci\u00f3n plena y sin reservas de todas y cada una de las disposiciones incluidas en las condiciones sobre protecci\u00f3n de datos de car\u00e1cter personal, aceptando y consintiendo el tratamiento de los mismos por parte de www.jumel.com, en la forma y para las finalidades indicadas en la presente Pol\u00edtica de Protecci\u00f3n de Datos Personales, en la versi\u00f3n publicada por la \u201cweb\u201d, en el momento mismo en que el Usuario acceda a la misma. Como consecuencia, es deber del Usuario leer detenidamente el presente aviso legal cada vez que utilice la Web, debido a que esta puede sufrir modificaciones.<\/em><\/p>\n\n\n\n<p><em>En relaci\u00f3n con la oferta de servicios de la sociedad de la informaci\u00f3n directamente a un menor, el tratamiento de los datos personales ser\u00e1 l\u00edcito cuando sea mayor de 14 a\u00f1os en virtud de la ley 3\/2018 de 5 de diciembre de 2018. Cuando el ni\u00f1o sea menor, dicho tratamiento s\u00f3lo ser\u00e1 legal si el titular de la responsabilidad parental sobre el ni\u00f1o autoriza su consentimiento, y en la medida en que lo autorice.<\/em><\/p>\n\n\n\n<p><em><strong>&nbsp;<\/strong><\/em><strong><em>MEDIDAS DE SEGURIDAD INFORM\u00c1TICA<\/em><\/strong><\/p>\n\n\n\n<p><em>JUMEL ha adoptado los niveles de seguridad de protecci\u00f3n de los Datos Personales requeridos para garantizar la privacidad de los datos. No obstante, disponemos de otros medios adicionales, como son firewalls de \u00faltima generaci\u00f3n, aparte de medidas t\u00e9cnicas como software para la encriptaci\u00f3n de la informaci\u00f3n confidencial y control de acceso a la informaci\u00f3n de car\u00e1cter personal, usuarios restringidos, pol\u00edticas de seguridad, usuarios y contrase\u00f1as que caducan seg\u00fan exige la LOPD, y otros sistemas orientados a evitar el mal uso, alteraci\u00f3n, acceso no autorizado y robo de los Datos Personales facilitados JUMEL.<\/em><\/p>\n\n\n\n<p><em>JUMEL no ser\u00e1 responsable de posibles da\u00f1os o perjuicios que se pudieran derivar de interferencias, omisiones, interrupciones, virus inform\u00e1ticos, aver\u00edas telef\u00f3nicas o desconexiones en el funcionamiento operativo de este sistema electr\u00f3nico, motivadas por causas ajenas a JUMEL; de retrasos o bloqueos en el uso del presente sistema electr\u00f3nico causados por deficiencias o sobrecargas de l\u00edneas telef\u00f3nicas o sobrecargas en el C.P.D. (Centro de Procesos de Datos), en el sistema de Internet o en otros sistemas electr\u00f3nicos, as\u00ed como de da\u00f1os que puedan ser causados por terceras personas mediante intromisiones ileg\u00edtimas fuera del control de JUMEL.<\/em><\/p>","protected":false},"excerpt":{"rendered":"<p>A efecto de lo previsto en el Reglamento General de Protecci\u00f3n de Datos de la Uni\u00f3n Europea 2016\/679 de 27 de abril de 2016 y la Ley Org\u00e1nica 3\/2018, de 5 de diciembre, de Protecci\u00f3n de Datos de Car\u00e1cter Personal&nbsp;JUMEL ALIMENTARIA SA&nbsp;con CIF&nbsp;A46124772, en adelante JUMEL&nbsp;informa al Usuario de la existencia del tratamiento de los [&hellip;]<\/p>\n","protected":false},"author":1,"featured_media":0,"parent":0,"menu_order":0,"comment_status":"closed","ping_status":"closed","template":"","meta":{"footnotes":""},"class_list":["post-616","page","type-page","status-publish","hentry"],"_hostinger_reach_plugin_has_subscription_block":false,"_hostinger_reach_plugin_is_elementor":false,"_links":{"self":[{"href":"https:\/\/www.jumel.com\/en\/wp-json\/wp\/v2\/pages\/616","targetHints":{"allow":["GET"]}}],"collection":[{"href":"https:\/\/www.jumel.com\/en\/wp-json\/wp\/v2\/pages"}],"about":[{"href":"https:\/\/www.jumel.com\/en\/wp-json\/wp\/v2\/types\/page"}],"author":[{"embeddable":true,"href":"https:\/\/www.jumel.com\/en\/wp-json\/wp\/v2\/users\/1"}],"replies":[{"embeddable":true,"href":"https:\/\/www.jumel.com\/en\/wp-json\/wp\/v2\/comments?post=616"}],"version-history":[{"count":1,"href":"https:\/\/www.jumel.com\/en\/wp-json\/wp\/v2\/pages\/616\/revisions"}],"predecessor-version":[{"id":619,"href":"https:\/\/www.jumel.com\/en\/wp-json\/wp\/v2\/pages\/616\/revisions\/619"}],"wp:attachment":[{"href":"https:\/\/www.jumel.com\/en\/wp-json\/wp\/v2\/media?parent=616"}],"curies":[{"name":"wp","href":"https:\/\/api.w.org\/{rel}","templated":true}]}}