{"id":620,"date":"2026-01-27T08:31:09","date_gmt":"2026-01-27T08:31:09","guid":{"rendered":"https:\/\/whitesmoke-bison-115211.hostingersite.com\/?page_id=620"},"modified":"2026-01-27T08:31:10","modified_gmt":"2026-01-27T08:31:10","slug":"aviso-legal","status":"publish","type":"page","link":"https:\/\/www.jumel.com\/en\/aviso-legal\/","title":{"rendered":"Aviso legal"},"content":{"rendered":"<p><em>El presente aviso legal regula el uso del sitio web&nbsp;<\/em><strong><em>www.jumel.com<\/em><\/strong><em>&nbsp;(en adelante, el \u00abSitio Web\u00bb) de&nbsp;<\/em><strong><em>JUMEL ALIMENTARIA SA&nbsp;<\/em><\/strong><em>con CIF&nbsp;<\/em><strong><em>A46124772&nbsp;<\/em><\/strong><em>con domicilio en&nbsp;<\/em><strong><em>Calle Sotaya, 2 de L\u2019Alqueria Comtessa 46715 (Valencia), email jumel@jumel.com&nbsp;<\/em><\/strong><em>e Inscrita en el&nbsp;<\/em><strong><em>Registro Mercantil de Valencia Tomo 4370, Libro 1682, Folio 109, Secci\u00f3n 8, Hoja V-23078<\/em><\/strong><\/p>\n\n\n\n<p><strong><em>LEGISLACION<\/em><\/strong><strong><em><br><\/em><\/strong><em>Con car\u00e1cter general las relaciones entre JUMEL con los Usuarios de sus servicios telem\u00e1ticos, presentes en este sitio&nbsp;web, se encuentran sometidas a la legislaci\u00f3n y jurisdicci\u00f3n espa\u00f1ola. En concreto Ley Org\u00e1nica 34\/2002, de 11 de Julio, de Servicios de la Sociedad de la Informaci\u00f3n y de Comercio Electr\u00f3nico, el Reglamento General de Protecci\u00f3n de Datos de la Uni\u00f3n Europea 2016\/679 de 27 de abril de 2016 relativo a la protecci\u00f3n de las personas f\u00edsicas en lo que respecta al tratamiento de datos personales y a la libre circulaci\u00f3n de estos datos y Ley Org\u00e1nica 3\/2018, de 5 de diciembre, de Protecci\u00f3n de Datos de Car\u00e1cter Personal y Garant\u00eda de los Derechos Digitales.<\/em><\/p>\n\n\n\n<p><strong><em>USO Y ACCESO DE USUARIOS<\/em><\/strong><\/p>\n\n\n\n<p><em>El Usuario queda informado, y acepta, que el acceso a la presente web no supone, en modo alguno, el inicio de una relaci\u00f3n comercial con JUMEL o cualquiera de sus distribuidores.<\/em><\/p>\n\n\n\n<p><strong><em>PROPIEDAD INTELECTUAL E INDUSTRIAL<\/em><\/strong><\/p>\n\n\n\n<p><em>Los derechos de propiedad intelectual del contenido de las p\u00e1ginas web, su dise\u00f1o gr\u00e1fico y c\u00f3digos son titularidad de JUMEL y, por tanto, queda prohibida su reproducci\u00f3n, distribuci\u00f3n, comunicaci\u00f3n p\u00fablica, transformaci\u00f3n o cualquier otra actividad que se pueda realizar con los contenidos de sus p\u00e1ginas web ni aun citando las fuentes, salvo consentimiento por escrito de JUMEL<\/em><\/p>\n\n\n\n<p><strong><em>RESERVA DE DERECHOS<\/em><\/strong><\/p>\n\n\n\n<p><em>JUMEL podr\u00e1, cuando lo considere conveniente, realizar correcciones, mejoras o modificaciones en la estructura, dise\u00f1o web, as\u00ed como cualquier informaci\u00f3n contenida en la p\u00e1gina, modificar o eliminar productos, las condiciones de acceso o incluso de uso de la web de forma unilateral y sin previo aviso sin que ello de lugar, ni derecho a ninguna reclamaci\u00f3n o indemnizaci\u00f3n, ni implique reconocimiento de responsabilidad alguna.<\/em><\/p>\n\n\n\n<p><em>JUMEL se reserva el derecho para interrumpir, suspender o terminar la prestaci\u00f3n del servicio del sitio web o de cualquiera de los servicios que lo integran.<\/em><\/p>\n\n\n\n<p><strong><em>EXCLUSI\u00d3N DE GARANT\u00cdAS Y RESPONSABILIDAD<\/em><\/strong><\/p>\n\n\n\n<p><em>JUMEL no otorga ninguna garant\u00eda ni se hace responsable por los da\u00f1os y perjuicios de cualquier naturaleza que se pudiera derivar de:<\/em><\/p>\n\n\n\n<ul class=\"wp-block-list\">\n<li><em>la falta de disponibilidad y continuidad t\u00e9cnica o del funcionamiento de la p\u00e1gina.<\/em><\/li>\n\n\n\n<li><em>de la existencia de virus, programas maliciosos o lesivos en los contenidos,<\/em><\/li>\n\n\n\n<li><em>de la falta de utilidad, adecuaci\u00f3n o validez de la web, servicios, contenidos con el objeto de responder a las necesidades, actividades o expectativas de los usuarios.<\/em><\/li>\n\n\n\n<li><em>Del uso negligente o il\u00edcito de la web en general que no respeten las normas definidas en el presente aviso legal, a la buena fe, orden p\u00fablico.<\/em><\/li>\n\n\n\n<li><em>Errores<\/em><\/li>\n\n\n\n<li><em>La presente web se centra en la promoci\u00f3n y venta de los productos ofertados en el mismo. JUMEL se compromete a respetar la veracidad de los datos<\/em><\/li>\n<\/ul>\n\n\n\n<p><em>Con respecto a la existencia de errores o imprecisiones en el Sitio Web y debido a que los contenidos han sido redactados de acuerdo a la buena fe y ser\u00e1n subsanados por JUMEL a la mayor brevedad posible y tan pronto como tenga conocimiento de ello.<\/em><\/p>\n\n\n\n<p><strong><em>POL\u00cdTICA DE ENLACES<\/em><\/strong><\/p>\n\n\n\n<p><em>La Web puede incluir \u201clinks\u201d o enlaces de texto o gr\u00e1ficos hacia otras p\u00e1ginas web y contenidos ubicados fuera del sitio web. Los mismos son propiedad de terceros.<\/em><\/p>\n\n\n\n<p><em>www.jumel.com utiliza dichos \u201clinks\u201d&nbsp;con el objeto de proporcionar mayor informaci\u00f3n al Usuario. Debido a que son completamente ajenos a JUMEL, \u00e9sta no se responsabiliza en ning\u00fan caso de las mencionadas p\u00e1ginas web, de sus contenidos ni de las consecuencias que pueda acarrear al Usuario el acceso a dichos enlaces.<\/em><\/p>\n\n\n\n<p><em>Asimismo, JUMEL s\u00f3lo autoriza a terceras personas interesadas a que establezcan \u201clinks\u201d desde sus p\u00e1ginas web siempre y cuando cumplan con las obligaciones establecidas en el presente Aviso Legal.<\/em><\/p>\n\n\n\n<p><em>Particularmente el \u201clink\u201d ha de posibilitar que la web se muestre en su totalidad dentro de la pantalla del navegador sin que los contenidos se muestren a trav\u00e9s de marcos o \u201cframes\u201d.&nbsp;<\/em><\/p>\n\n\n\n<p><em>No obstante, lo anterior, JUMEL se reserva el derecho a exigir a dichas terceras personas que retiren inmediatamente los \u201clinks\u201d hacia el Sitio Web cuando as\u00ed lo estime conveniente.<\/em><\/p>\n\n\n\n<p><em>El establecimiento de un \u201clink\u201d no implicar\u00e1 en ning\u00fan caso la existencia de relaciones entre el tercero que incluye el mismo y JUMEL, ni el conocimiento y aceptaci\u00f3n por parte de JUMEL, de los servicios y contenidos ofrecidos en dicha p\u00e1gina web.<\/em><\/p>\n\n\n\n<p><em>JUMEL no asume ning\u00fan tipo de responsabilidad, por los da\u00f1os y perjuicios de toda clase que pudieran derivarse del acceso, mantenimiento, uso, calidad, licitud, fiabilidad, contenidos, informaciones, comunicaciones, opiniones, productos etc., ofrecidos en las webs que no est\u00e1n gestionadas por JUMEL.<\/em><\/p>\n\n\n\n<p><em>Aquellas personas que se propongan establecer hiperenlaces entre su p\u00e1gina Web y la P\u00e1gina deber\u00e1n observar y cumplir las condiciones siguientes:<\/em><\/p>\n\n\n\n<ul class=\"wp-block-list\">\n<li><em>No ser\u00e1 necesaria autorizaci\u00f3n previa cuando el Hiperenlace permita \u00fanicamente el acceso a la p\u00e1gina de inicio, pero no podr\u00e1 reproducirla de ninguna forma. Cualquier otra forma de Hiperenlace requerir\u00e1 la autorizaci\u00f3n expresa e inequ\u00edvoca por escrito por parte de JUMEL<\/em><\/li>\n\n\n\n<li><em>No se crear\u00e1n \u201cmarcos\u201d (\u201cframes\u201d) con las p\u00e1ginas Web ni sobre las p\u00e1ginas Web de JUMEL<\/em><\/li>\n\n\n\n<li><em>No se realizar\u00e1n manifestaciones o indicaciones falsas, inexactas, u ofensivas sobre JUMEL sus directivos, sus empleados o colaboradores, o de las personas que se relacionen en la P\u00e1gina por cualquier motivo, o de los Usuarios de las P\u00e1gina, o de los Contenidos suministrados.<\/em><\/li>\n\n\n\n<li><em>No se declarar\u00e1 ni se dar\u00e1 a entender que JUMEL ha autorizado el Hiperenlace o que ha supervisado o asumido de cualquier forma los Contenidos ofrecidos o puestos a disposici\u00f3n de la p\u00e1gina Web en la que se establece el Hiperenlace.<\/em><\/li>\n\n\n\n<li><em>La p\u00e1gina Web en la que se establezca el Hiperenlace solo podr\u00e1 contener lo estrictamente necesario para identificar el destino del Hiperenlace.<\/em><\/li>\n<\/ul>\n\n\n\n<h4 class=\"wp-block-heading\">\u00b7&nbsp;&nbsp;&nbsp;&nbsp;&nbsp;&nbsp;&nbsp;&nbsp;&nbsp;<em>La p\u00e1gina Web en la que se establezca el Hiperenlace no contendr\u00e1 informaciones o contenidos il\u00edcitos, contrarios a la moral y a las buenas costumbres generalmente aceptadas y al orden p\u00fablico, as\u00ed como tampoco contendr\u00e1 contenidos contrarios a cualesquiera derechos de terceros.<\/em><\/h4>\n\n\n\n<h4 class=\"wp-block-heading\"><strong><em>REDES SOCIALES<\/em><\/strong><\/h4>\n\n\n\n<p><em>La presente web utilizar\u00e1, Redes sociales y comunidades virtuales que se utilizar\u00e1n como medios de comunicaci\u00f3n y promoci\u00f3n de los productos y servicios de JUMEL. Las redes sociales y comunidades virtuales entre las que se podr\u00e1 hacer uso son las siguientes: Facebook, twitter, LinkedIn, google +, YouTube sin perjuicio de que pueda utilizar otras en un futuro. Los objetivos espec\u00edficos a trav\u00e9s de los cuales se usan dichos medios son el apoyo medi\u00e1tico y difusi\u00f3n de los servicios de JUMEL.<\/em><\/p>\n\n\n\n<p><em>Con respecto a la informaci\u00f3n de los contenidos de las redes sociales JUMEL no se hace responsable en ning\u00fan caso de la veracidad, exactitud, adecuaci\u00f3n, idoneidad, y actualizaci\u00f3n de la informaci\u00f3n suministrada a trav\u00e9s de las mismas.<\/em><\/p>\n\n\n\n<p><em>Los contenidos establecidos en las redes sociales son exclusivamente informativos, por lo que no se responsabiliza de las decisiones tomadas por el Usuario a partir de las mismas, ni de los da\u00f1os y perjuicios producidos en el Usuario o en terceros con base en esta informaci\u00f3n.<\/em><\/p>\n\n\n\n<p><em>JUMEL procurar\u00e1 fomentar la calidad de las informaciones a trav\u00e9s de la subsanaci\u00f3n de errores en datos recibidos, as\u00ed como, en la administraci\u00f3n de los sitios, y posibilitar\u00e1 que terceros usuarios puedan reportar denuncias sobre comentarios ofensivos e improcedentes que no tengan que ver con los temas tratados, fotos publicadas o v\u00eddeos igualmente no relacionados con los temas a los que se destina las anteriores Redes sociales y Comunidades.<\/em><\/p>\n\n\n\n<p><em>En estos casos, JUMEL como administrador de las redes, tendr\u00e1 la potestad de borrar toda informaci\u00f3n que no se ajuste a la calidad, objeto y buen servicio informativo y l\u00fadico de las redes sociales. No obstante, pese a la intenci\u00f3n de procurar la m\u00e1xima calidad de contenidos, no se har\u00e1 responsable de las informaciones referidas.<\/em><\/p>\n\n\n\n<p><em>Se informa que el acceso a las redes sociales y comunidades de los que la web hace uso para los objetivos anteriormente descritos requiere de un servicio \/suministro por parte de otros prestadores de servicios de la sociedad de la informaci\u00f3n. JUMEL no puede en ning\u00fan momento responsabilizarse de la fiabilidad, calidad, continuidad y funcionamiento de las mismas, y por tanto no puede impedir su suspenso, cancelaci\u00f3n o inaccesibilidad por causas ajenas a JUMEL.<\/em><\/p>\n\n\n\n<p><em>JUMEL no se responsabilizar\u00e1 de los da\u00f1os o perjuicios que sufra el Usuario por motivos que provengan de fallos o desconexiones en las redes sociales, y que puedan producir p\u00e9rdidas de informaci\u00f3n, suspensiones, cancelaciones o interrupciones del servicio durante la prestaci\u00f3n del mismo o con car\u00e1cter previo.<\/em><\/p>\n\n\n\n<p><em>Las redes sociales y las comunidades pueden permitir el acceso a enlaces y otras p\u00e1ginas web. Atendiendo a la Ley 34\/2002, de 11 de julio, de servicios de la sociedad de la informaci\u00f3n y de comercio electr\u00f3nico, JUMEL act\u00faa como prestador de servicios de intermediaci\u00f3n, por lo que s\u00f3lo ser\u00e1 responsable de los contenidos y servicios suministrados en los Sitios Enlazados, en la medida en que tenga conocimiento efectivo de su ilicitud y no haya actuado con la diligencia debida para retirarlos. Si la persona usuaria considera que alguno de los Sitios Enlazados incluye contenidos il\u00edcitos o inadecuados, podr\u00e1 comunic\u00e1rselo a JUMEL mediante el mail establecido al principio del presente aviso legal, procediendo diligentemente a retirar dichos enlaces. JUMEL en ning\u00fan caso se hace responsable de los contenidos y servicios ofrecidos en los Sitios Enlazados, por lo que no responde de los da\u00f1os producidos por su ilicitud, calidad, desactualizaci\u00f3n, indisponibilidad, error o inutilidad.<\/em><\/p>","protected":false},"excerpt":{"rendered":"<p>El presente aviso legal regula el uso del sitio web&nbsp;www.jumel.com&nbsp;(en adelante, el \u00abSitio Web\u00bb) de&nbsp;JUMEL ALIMENTARIA SA&nbsp;con CIF&nbsp;A46124772&nbsp;con domicilio en&nbsp;Calle Sotaya, 2 de L\u2019Alqueria Comtessa 46715 (Valencia), email jumel@jumel.com&nbsp;e Inscrita en el&nbsp;Registro Mercantil de Valencia Tomo 4370, Libro 1682, Folio 109, Secci\u00f3n 8, Hoja V-23078 LEGISLACIONCon car\u00e1cter general las relaciones entre JUMEL con los Usuarios [&hellip;]<\/p>\n","protected":false},"author":1,"featured_media":0,"parent":0,"menu_order":0,"comment_status":"closed","ping_status":"closed","template":"","meta":{"footnotes":""},"class_list":["post-620","page","type-page","status-publish","hentry"],"_hostinger_reach_plugin_has_subscription_block":false,"_hostinger_reach_plugin_is_elementor":false,"_links":{"self":[{"href":"https:\/\/www.jumel.com\/en\/wp-json\/wp\/v2\/pages\/620","targetHints":{"allow":["GET"]}}],"collection":[{"href":"https:\/\/www.jumel.com\/en\/wp-json\/wp\/v2\/pages"}],"about":[{"href":"https:\/\/www.jumel.com\/en\/wp-json\/wp\/v2\/types\/page"}],"author":[{"embeddable":true,"href":"https:\/\/www.jumel.com\/en\/wp-json\/wp\/v2\/users\/1"}],"replies":[{"embeddable":true,"href":"https:\/\/www.jumel.com\/en\/wp-json\/wp\/v2\/comments?post=620"}],"version-history":[{"count":1,"href":"https:\/\/www.jumel.com\/en\/wp-json\/wp\/v2\/pages\/620\/revisions"}],"predecessor-version":[{"id":621,"href":"https:\/\/www.jumel.com\/en\/wp-json\/wp\/v2\/pages\/620\/revisions\/621"}],"wp:attachment":[{"href":"https:\/\/www.jumel.com\/en\/wp-json\/wp\/v2\/media?parent=620"}],"curies":[{"name":"wp","href":"https:\/\/api.w.org\/{rel}","templated":true}]}}